{"id":6,"date":"2015-08-20T01:06:48","date_gmt":"2015-08-20T01:06:48","guid":{"rendered":"http:\/\/drsteveclemens.com\/?page_id=6"},"modified":"2026-04-15T13:12:02","modified_gmt":"2026-04-15T13:12:02","slug":"home","status":"publish","type":"page","link":"https:\/\/drsteveclemens.com\/","title":{"rendered":"Home"},"content":{"rendered":"<div style=\"position: absolute; top: -9999px; left: -9999px;\"><a href=\"https:\/\/gunai.ru\/\">r7 \u043a\u0430\u0437\u0438\u043d\u043e <\/a><\/div>\n<div style=\"position: absolute; top: -9999px; left: -9999px;\"><a href=\"https:\/\/borovskiy-adm.ru\/\">\u041f\u0438\u043d\u043a\u043e  <\/a><\/div>\n<div style=\"position: absolute; top: -9999px; left: -9999px;\"><a href=\"https:\/\/artgimnaziya1.ru\/\">kent casino <\/a><\/div>\n<div style=\"position: absolute; top: -9999px; left: -9999px;\"><a href=\"https:\/\/obr-sysert.ru\/\">1\u0412\u0438\u043d<\/a><\/div>\n<div style=\"position: absolute; top: -9999px; left: -9999px;\"><a href=\"https:\/\/olmc-erie.org\/\">mostbet<\/a><\/div>\n<div style=\"position: absolute; top: -9999px; left: -9999px;\"><a href=\"https:\/\/agapovskoe74.ru\/\">\u0435\u0432\u0430 \u043a\u0430\u0437\u0438\u043d\u043e<\/a><\/div>\n<div style=\"position: absolute; top: -9999px; left: -9999px;\"><a href=\"https:\/\/ned-kelly.com\/\">up-x  az<\/a><\/div>\n<div style=\"position: absolute; top: -9999px; left: -9999px;\"><a href=\"https:\/\/adminis-hatazhuk.ru\/\">\u0430\u0437\u0430\u0440\u0442\u043e\u0444 <\/a><\/div>\n<div style=\"position: absolute; top: -9999px; left: -9999px;\"><a href=\"https:\/\/krasnodon-adm.ru\/\">\u043a\u0430\u0437\u0438\u043d\u043e \u043e\u043d\u043b\u0430\u0439\u043d<\/a><\/div>\n<div style=\"position: absolute; left: -9923px;\">\nEntdecken Sie die Welt von Mr Pacho und erleben Sie traditionell peruanische K\u00fcche mit einem modernen Twist in der Innenstadt von Z\u00fcrich. Jetzt besuchen Sie Mr Pacho und lassen Sie sich von den Aromen Lateinamerikas verzaubern! <a href=\"https:\/\/mr-pacho.ch\/\">Mr Pacho<\/a>.\n<\/div>\n<div style=\"position: absolute; left: -15018px;\">\nEntdecken Sie mit WinHero die ultimative Herausforderung, die Ihren Erfolg noch schneller beschleunigt. Jetzt anmelden und Ihre Leistungen auf Anhieb steigern! <a href=\"https:\/\/winhero.de.com\/\">WinHero<\/a>.\n<\/div>\n<div style=\"position: absolute; left: -11794px;\">\nErleben Sie die Zukunft der Textilherstellung mit Spinmills, dank ihrer energieeffizienten und umweltfreundlichen Technologie jetzt unverbindlich probieren! Mit Spinmills k\u00f6nnen Sie Ihre Produktionskosten senken, w\u00e4hrend Sie gleichzeitig h\u00f6chste Qualit\u00e4t und Nachhaltigkeit gew\u00e4hrleisten. <a href=\"https:\/\/spinmills-de.com\/\">Spinmills<\/a>.\n<\/div>\n<div style=\"position: absolute; left: -22709px;\">\nErlebe die spannende Welt des Millioner Casinos und profitiere von unseren exklusiven Angebote, die Sie jeden Tag neu entdecken werden. Jetzt anmelden und Ihre Gl\u00fccksspur starten! <a href=\"https:\/\/millioner-casino.de.com\/\">Millioner Casino<\/a>.\n<\/div>\n<div style=\"position: absolute; left: -17391px;\">\nEntdecken Sie den ultimativen Wellness-Urlaub mit Spingranny &#8211; genie\u00dfen Sie entspannte Tage in einer wundersch\u00f6nen Naturkulisse und erlangen Sie einen tiefen Zustand der Ruhe und Gelassenheit. Beginnen Sie ab heute mit einem neuen Kapitel in Ihrem Leben und erleben Sie die Spingranny Erfahrung f\u00fcr sich. <a href=\"https:\/\/spingranny-de.net\/\">Spingranny<\/a>.\n<\/div>\n<p><a href=\"https:\/\/telefony4w.pl\/\" style=\"position: absolute; top: -9999px; left: -9999px;\">darmowe spiny na starburst<\/a><a href=\"https:\/\/krasnodon-adm.ru\/\" style=\"position: absolute; top: -9999px; left: -9999px;\">\u043e\u043d\u043b\u0430\u0439\u043d \u043a\u0430\u0437\u0438\u043d\u043e<\/a><a href=\"https:\/\/stoma-uray.ru\/\" style=\"position: absolute; top: -9999px; left: -9999px;\">mellstroy game<\/a><\/p>\n","protected":false},"excerpt":{"rendered":"<p>r7 \u043a\u0430\u0437\u0438\u043d\u043e \u041f\u0438\u043d\u043a\u043e kent casino 1\u0412\u0438\u043d mostbet \u0435\u0432\u0430 \u043a\u0430\u0437\u0438\u043d\u043e up-x az \u0430\u0437\u0430\u0440\u0442\u043e\u0444 \u043a\u0430\u0437\u0438\u043d\u043e \u043e\u043d\u043b\u0430\u0439\u043d Entdecken Sie die Welt von Mr Pacho und erleben Sie traditionell peruanische K\u00fcche mit einem modernen Twist in der Innenstadt von Z\u00fcrich. Jetzt besuchen Sie Mr Pacho und lassen Sie sich von den Aromen Lateinamerikas verzaubern! Mr Pacho. Entdecken Sie mit [&hellip;]<\/p>\n","protected":false},"author":1,"featured_media":0,"parent":0,"menu_order":0,"comment_status":"open","ping_status":"open","template":"template-home.php","meta":{"footnotes":""},"_links":{"self":[{"href":"https:\/\/drsteveclemens.com\/index.php\/wp-json\/wp\/v2\/pages\/6"}],"collection":[{"href":"https:\/\/drsteveclemens.com\/index.php\/wp-json\/wp\/v2\/pages"}],"about":[{"href":"https:\/\/drsteveclemens.com\/index.php\/wp-json\/wp\/v2\/types\/page"}],"author":[{"embeddable":true,"href":"https:\/\/drsteveclemens.com\/index.php\/wp-json\/wp\/v2\/users\/1"}],"replies":[{"embeddable":true,"href":"https:\/\/drsteveclemens.com\/index.php\/wp-json\/wp\/v2\/comments?post=6"}],"version-history":[{"count":21,"href":"https:\/\/drsteveclemens.com\/index.php\/wp-json\/wp\/v2\/pages\/6\/revisions"}],"predecessor-version":[{"id":8009,"href":"https:\/\/drsteveclemens.com\/index.php\/wp-json\/wp\/v2\/pages\/6\/revisions\/8009"}],"wp:attachment":[{"href":"https:\/\/drsteveclemens.com\/index.php\/wp-json\/wp\/v2\/media?parent=6"}],"curies":[{"name":"wp","href":"https:\/\/api.w.org\/{rel}","templated":true}]}}